{"id":104,"date":"2020-04-07T13:27:47","date_gmt":"2020-04-07T13:27:47","guid":{"rendered":"http:\/\/trueffelzucht.at\/?page_id=104"},"modified":"2023-02-01T12:11:45","modified_gmt":"2023-02-01T12:11:45","slug":"agb","status":"publish","type":"page","link":"https:\/\/trueffelzucht.at\/?page_id=104","title":{"rendered":"AGB"},"content":{"rendered":"\n<p><strong>1. Allgemeines<\/strong><\/p>\n\n\n\n<p>1.1. F\u00fcr s\u00e4mtliche Gesch\u00e4fte zwischen dem Kunden und uns gelten ausschlie\u00dflich diese Lieferbedingungen, von denen der Kunde Kenntnis erhalten hat. Sp\u00e4testens durch die Auftragserteilung anerkennt der Kunde diese Lieferbedingungen auch f\u00fcr k\u00fcnftige Gesch\u00e4fte, bei denen nicht ausdr\u00fccklich auf diese Lieferbedingungen Bezug genommen wird. <\/p>\n\n\n\n<p>1.2. Entgegenstehende Gesch\u00e4ftsbedingungen des Kunden erlangen nur dann Wirksamkeit, wenn sie von uns ausdr\u00fccklich und schriftlich anerkannt werden.<\/p>\n\n\n\n<p>1.3. Von diesen Lieferbedingungen abweichende oder erg\u00e4nzende Vereinbarungen bed\u00fcrfen der Schriftform.<\/p>\n\n\n\n<p>1.4. Sollten einzelne Bestimmungen dieser Lieferbedingungen unwirksam sein, so ber\u00fchrt dies die Verbindlichkeit der \u00fcbrigen Bestimmungen und der unter ihrer Zugrundelegung geschlossenen Vertr\u00e4ge nicht. Die unwirksame Bestimmung ist durch eine wirksame, die ihr dem Sinn und Zweck nach am n\u00e4chsten kommt, zu ersetzen.<\/p>\n\n\n\n<p><strong>2. Vertragsabschluss<\/strong><\/p>\n\n\n\n<p>2.1. Unsere Angebote sind freibleibend.<\/p>\n\n\n\n<p><br>2.2. Der Kunde ist an seinen Auftrag zwei Wochen ab dessen Eingang bei uns gebunden.<\/p>\n\n\n\n<p><br>2.3. Auftr\u00e4ge des Kunden gelten erst durch unsere schriftliche Best\u00e4tigung, Lieferung der Ware oder \u00dcbersendung der Rechnung als angenommen.<\/p>\n\n\n\n<p>2.4. Wir behalten uns vor, die Ausf\u00fchrung von Auftr\u00e4gen abzulehnen.<\/p>\n\n\n\n<p><strong>3. Preise, Verpackung, Fracht<\/strong><\/p>\n\n\n\n<p>3.1. Alle Lieferungen erfolgen zu den zum Zeitpunkt der Lieferung geltenden Preislisten.<\/p>\n\n\n\n<p>3.2. Preis\u00e4nderungen zwischen der Auftragserteilung und der Lieferung bleiben insbesondere f\u00fcr den Fall vorbehalten, dass durch Ma\u00dfnahmen des Gesetzgebers, der Verwaltung, der Parit\u00e4tischen Kommission, oder durch Wechselkurs\u00e4nderungen eine Erh\u00f6hung der Rohstoff-, Hilfsstoff- bzw. Herstellungskosten eintritt. Wir setzen den Kunden vor Versand der Ware von der Anhebung der Preise unverz\u00fcglich in Kenntnis und r\u00e4umen ihm ein R\u00fccktrittsrecht ein, das innerhalb von 10 Tagen nach Eingang der Mitteilung durch eingeschriebenen Brief auszu\u00fcben ist. <\/p>\n\n\n\n<p>3.3. Unsere Preise verstehen sich inklusive Mehrwertsteuer, und inklusive event. Verpackung.<\/p>\n\n\n\n<p>3.4. Abweichungen von den Notierungen unserer Preislisten und von unseren Konditionen bed\u00fcrfen unserer ausdr\u00fccklichen schriftlichen Best\u00e4tigung. Unsere Vertreter sind nicht berechtigt, solche Abweichungen m\u00fcndlich zuzusagen.<\/p>\n\n\n\n<p><strong>4. Zahlung, Zahlungsverzug, Aufrechnung<\/strong><\/p>\n\n\n\n<p>4.1. Unsere Rechnungen sind innerhalb von 10 Tagen ab Rechnungsdatum ohne Abzug zahlbar.<\/p>\n\n\n\n<p>4.2. Wir behalten uns vor, an neue, uns unbekannte Kunden, nur gegen Vorkasse zu liefern.<\/p>\n\n\n\n<p>4.3. Wir nehmen Schecks nur zahlungshalber und nicht an Erf\u00fcllung statt an. Erst deren Einl\u00f6sung bewirkt ein Erl\u00f6schen der Schuld entsprechend dem Eingang. Durch nicht gedeckte Schecks oder Bankabbuchungen anfallende Kosten und Geb\u00fchren tr\u00e4gt der Kunde. <\/p>\n\n\n\n<p>4.4. Zahlungen sind nur dann schuldbefreiend, wenn sie entweder an uns oder unseren schriftlichen Bevollm\u00e4chtigten geleistet werden.<\/p>\n\n\n\n<p>4.5. Bei versp\u00e4teter Zahlung berechnen wir Verzugszinsen in H\u00f6he von 5% \u00fcber dem jeweiligen Diskontsatz der \u00d6sterreichischen Nationalbank, beginnend mit dem 31. Tag nach Rechnungsdatum.<\/p>\n\n\n\n<p>4.6. Die mit der Einbringung verbundenen Mahn-, Inkasso-, Auskunfts- und sonstigen Kosten tr\u00e4gt der Kunde.<\/p>\n\n\n\n<p>4.7. F\u00fchrt eine nach Vertragsabschluss eingetretene oder bekanntgewordene Verschlechterung der Verm\u00f6gensverh\u00e4ltnisse des Kunden zu einer Gef\u00e4hrdung der Erf\u00fcllung unseres Zahlungsanspruches, kommt der Kunde trotz Mahnung und Nachfristsetzung seiner Schuldnerpflicht nicht nach oder entstehen sonst berechtigte Zweifel an der Kreditw\u00fcrdigkeit des Kunden (etwa auch durch \u00c4nderung der Rechtsform seines Unternehmens), so k\u00f6nnen wir Vorauszahlung und\/oder sofortige Begleichung aller offenen Rechnungen und\/oder Sicherheit in H\u00f6he des Warenwertes verlangen und\/oder noch nicht ausgelieferte Waren zur\u00fcckbehalten und\/oder unter Eigentumsvorbehalt gelieferte Waren zur\u00fcckholen bzw. zur\u00fcckverlangen und\/oder vom Vertrag zur\u00fccktreten. <\/p>\n\n\n\n<p>4.8. Der Kunde kann nur mit unbestrittenen oder rechtskr\u00e4ftig festgestellten Forderungen aufrechnen oder ein Zur\u00fcckbehaltungrecht aus\u00fcben.<\/p>\n\n\n\n<p><strong>5. Lieferung<\/strong><\/p>\n\n\n\n<p>5.1. Sofern der Versand auf Euro-Paletten erfolgt und kein Austausch bei Anlieferung vorgenommen wird, bleiben die Paletten unser Eigentum. Sie sind nach M\u00f6glichkeit schnellstens, jedoch sp\u00e4testens nach Ablauf von 2 Monaten frachtfrei und in gebrauchsf\u00e4higem Zustand an uns zur\u00fcckzugeben. F\u00fcr nicht zur\u00fcckerhaltene Paletten m\u00fcssen wir den Selbstkostenpreis ohne jeden Abzug in Rechnung stellen. Sonstiges Leergut wird von uns nicht zur\u00fcckgenommen.<\/p>\n\n\n\n<p>5.2. Die Nichteinhaltung vereinbarter Lieferfristen berechtigt den Kunden erst dann zur Geltendmachung der ihm gesetzlich zustehenden Rechte, wenn er uns eine Nachlieferfrist von mindestens 14 Tagen gew\u00e4hrt hat. Diese Frist beginnt mit dem Zeitpunkt des Einganges eines Mahnschreibens bei uns. Eine Verpflichtung zur Leistung von Schadenersatz aus dem Titel des Verzuges besteht nur bei Vorsatz oder grober Fahrl\u00e4ssigkeit unsererseits. Von uns nicht zu vertretende St\u00f6rungen im Gesch\u00e4ftsbetrieb, z.B. Streiks oder Aussperrungen, sowie F\u00e4lle h\u00f6herer Gewalt auf Seiten eines Zulieferers, f\u00fchren zu einer entsprechenden Verl\u00e4ngerung der Lieferfristen und berechtigen uns auch zum R\u00fccktritt vom Vertrag, ohne dass der Kunde aus dieser Verz\u00f6gerung oder aus dem R\u00fccktritt Schadenersatzanspr\u00fcche herleiten kann. Der Kunde ist in diesen F\u00e4llen seinerseits befugt, von der Durchf\u00fchrung des Vertrages Abstand zu nehmen, sofern er uns nach Ablauf der vereinbarten Lieferfrist zur Lieferung auffordert und gleichzeitig f\u00fcr den Fall der Nichtleistung innerhalb von zwei Wochen nach Eingang des Mahnschreibens bei uns die Erkl\u00e4rung des R\u00fccktritts vom Vertrag androht.<\/p>\n\n\n\n<p><strong>6. Eigentumsvorbehalt<\/strong><\/p>\n\n\n\n<p>6.1. Die gelieferte Ware bleibt bis zur vollst\u00e4ndigen Entrichtung des Kaufpreises sowie Berichtigung s\u00e4mtlicher aus der Gesch\u00e4ftsbeziehung sonst entstandenen Forderungen unser Eigentum.<\/p>\n\n\n\n<p>6.2. Der Eigentumsvorbehalt erstreckt sich entsprechend auch auf durch Verarbeitung oder Umbildung der Vorbehaltsware entstehende Erzeugnisse, die der Kunde f\u00fcr uns verwahrt.<\/p>\n\n\n\n<p>6.3. Dem Kunden steht die Befugnis zu, die von uns gelieferte Ware oder das unter ihrer Verwendung hergestellte Erzeugnis im ordnungsgem\u00e4\u00dfen Gesch\u00e4ftsgang an Dritte weiterzuver\u00e4u\u00dfern. Der Kunde tritt bereits bei Vertragsabschluss alle hieraus entstehenden Anspr\u00fcche gegen seine Abnehmer mit allen Nebenrechten an uns ab, bleibt jedoch zur Einziehug berechtigt, solange er sich nicht in Verzug befindet. Wir sind berechtigt, die Abnehmer von der Abtretung zu verst\u00e4ndigen und\/oder vom Kunden den Vermerk der Abtretung in seinen B\u00fcchern zu verlangen. Der Kunde hat uns alle Unterlagen und Informationen zu geben, die zur Geltendmachung unserer Rechte erforderlich sind.<\/p>\n\n\n\n<p>6.4. Unsere Zustimmung zur Weiterver\u00e4u\u00dferung, zur Einzugserm\u00e4chtigung, zur Verarbeitung oder Vereinigung erlischt ohne weiteres im Zeitpunkt der Zahlungseinstellung sowie der Beantragung oder Er\u00f6ffnung eines Insolvenzverfahrens \u00fcber das Verm\u00f6gen des Kunden.6.5. Die Verpf\u00e4ndung oder Sicherungs\u00fcbereignung der Vorbehaltsware bzw. Forderung vor vollst\u00e4ndiger Begleichung aller bisherigen Verbindlichkeiten ist dem Kunden untersagt. Sollte die bereits gelieferte, aber noch in unserem Eigentum stehende Ware, oder sollten die im voraus abgetretenen Forderungen Gegenstand einer Zwangsvollstreckung werden, so trifft den Kunden die Verpflichtung, uns die getroffene Ma\u00dfnahme unter Beif\u00fcgung entsprechender Unterlagen unverz\u00fcglich mitzuteilen.<\/p>\n\n\n\n<p><strong>7. Gew\u00e4hrleistung und Schadenersatz<\/strong><\/p>\n\n\n\n<p>7.1. Der Kunde hat die gelieferte Ware nach Erhalt unverz\u00fcglich auf Vollst\u00e4ndigkeit, Richtigkeit und sonstige Mangelfreiheit hin zu pr\u00fcfen. <\/p>\n\n\n\n<p>7.2. Beanstandungen erkennbarer M\u00e4ngel sind bei sonstigem Ausschluss sogleich bei der Lieferung durch Vermerk auf dem Lieferschein zu r\u00fcgen. Andere M\u00e4ngel sind unverz\u00fcglich nach deren Entdecken schriftlich zu r\u00fcgen.<\/p>\n\n\n\n<p>7.3. Unsere Gew\u00e4hrleistung f\u00fcr Sachm\u00e4ngel beschr\u00e4nkt sich auf die Lieferung von Ersatzware gleicher Art und Menge. Unterbleibt die Ersatzlieferung innerhalb einer angemessenen Frist, so steht dem Kunden das Recht zu, die Herabsetzung des Kaufpreises oder die R\u00fcckg\u00e4ngigmachung des Vertrages zu verlangen.<\/p>\n\n\n\n<p>7.4. Schadenersatzanspr\u00fcche des Kunden, insbesondere wegen Verzugs, Unm\u00f6glichkeit der Leistung, positiver Forderungsverletzung, Verschuldens bei Vertragsabschluss, Mangelfolgeschadens oder wegen unerlaubter Handlungen sind ausgeschlossen, soweit sie nicht auf Vorsatz oder grober Fahrl\u00e4ssigkeit beruhen.<\/p>\n\n\n\n<p><strong>8. Widerrufsbelehrung \u00d6STERREICH<\/strong><\/p>\n\n\n\n<p>Widerrufsrecht Sie k\u00f6nnen Ihre Vertragserkl\u00e4rung innerhalb von 7 Werktagen ohne Angabe von Gr\u00fcnden in Textform (z.B. Brief, Fax, E-Mail) oder durch R\u00fccksendung der Sache widerrufen. Die Frist beginnt fr\u00fchestens mit Erhalt der Ware und einer ausf\u00fchrlichen Belehrung in Textform. Zur Wahrung der Frist gen\u00fcgt die rechtzeitige Absendung des Widerrufs oder der Ware. Nicht paketversandf\u00e4hige Sachen werden bei Ihnen abgeholt. Sie haben die Kosten der R\u00fccksendung zu tragen, wenn die gelieferte Ware der bestellten entspricht und wenn der Preis der zur\u00fcckzusendenden Ware einen Betrag von Euro 40,- nicht \u00fcbersteigt, oder wenn Sie bei einem h\u00f6heren Preis der Sache zum Zeitpunkt des Widerrufs noch nicht die Gegenleistung oder eine vertragliche vereinbarte Teilzahlung erbracht haben. Andernfalls ist die R\u00fccksendung kostenfrei. Der Widerruf ist zu richten an: <\/p>\n\n\n\n<p>Ing. Bernhard Mittermann MSc , Universumstra\u00dfe 22\/2\/12, 1200 Wien<\/p>\n\n\n\n<p><strong>Widerrufsfolgen Ende der Widerrufsbelehrung \u00d6sterreich<\/strong>\u00a0<\/p>\n\n\n\n<p>Im Falle eines wirksamen Widerrufs sind die beiderseits empfangenen Leistungen zur\u00fcckzugew\u00e4hren und ggf. gezogene Nutzungen (z.B. Zinsen) herauszugeben. K\u00f6nnen Sie uns die empfangene Leistung ganz oder teilweise nicht oder nur in verschlechtertem Zustand zur\u00fcckgew\u00e4hren, m\u00fcssen Sie uns insoweit ggf. Wertersatz leisten. Bei der \u00dcberlassung von Sachen gilt dies nicht, wenn die Verschlechterung der Sache ausschlie\u00dflich auf deren Pr\u00fcfung &#8211; wie sie Ihnen etwa im Ladengesch\u00e4ft m\u00f6glich gewesen w\u00e4re &#8211; zur\u00fcckzuf\u00fchren ist. Im \u00dcbrigen k\u00f6nnen Sie die Wertersatzpflicht vermeiden, indem Sie die Sache nicht wie ihr Eigentum in Gebrauch nehmen und alles unterlassen, was deren Wert beeintr\u00e4chtigt. Paketversandf\u00e4hige Sachen sind zur\u00fcckzusenden. <\/p>\n\n\n\n<p><strong>Absatz 1 Sonderanfertigungen nach Kundenwunsch<\/strong><\/p>\n\n\n\n<p>Das Widerrufsrecht besteht nicht bei Lieferung von Waren, die nach Kundenspezifikation, nach Kundenwunsch, angefertigt werden (z. B. Sonderf\u00fcllungen) oder eindeutig auf die pers\u00f6nlichen Bed\u00fcrfnisse zugeschnitten sind.<\/p>\n\n\n\n<p><strong>Absatz 2 Kontrolle der Waren auf Abnutzung<\/strong><\/p>\n\n\n\n<p>Bitte vermeiden Sie Besch\u00e4digungen und Verunreinigungen. Senden Sie die Ware bitte m\u00f6glichst in Originalverpackung mit s\u00e4mtlichem Zubeh\u00f6r und mit allen Verpackungsbestandteilen an uns zur\u00fcck. Verwenden Sie ggf. eine sch\u00fctzende Zusatzverpackung. Senden Sie die Waren bitte als versichertes Paket an uns zur\u00fcck und bewahren Sie den Einlieferungsbeleg auf. Wir erstatten Ihnen auch gern auf Wunsch vorab die Portokosten, sofern diese nicht von Ihnen selbst zu tragen sind.<\/p>\n\n\n\n<p><strong>Absatz 3 R\u00fccksendung<\/strong><\/p>\n\n\n\n<p>Bitte rufen Sie vor R\u00fccksendung unter der Telefonnummer: <br>+43 676 \/ 4137856 bei uns an, um die R\u00fccksendung anzuk\u00fcndigen. Auf diese Weise erm\u00f6glichen Sie uns eine schnellstm\u00f6gliche Zuordnung der Produkte.<\/p>\n\n\n\n<p>Bitte beachten Sie, dass die in die in den Abs\u00e4tzen 1 bis 3 genannten Modalit\u00e4ten nicht eine Voraussetzung f\u00fcr die wirksame Aus\u00fcbung des Widerrufsrechts sind oder darstellen.<\/p>\n\n\n\n<p><strong>R\u00fccklieferkosten in dem Fall des Widerrufs<\/strong><\/p>\n\n\n\n<p>Machen Sie von Ihrem gesetzlichen Widerrufsrecht Gebrauch, haben Sie die regelm\u00e4\u00dfigen Kosten der R\u00fccksendung zu tragen, wenn die gelieferte Ware der bestellten entspricht und wenn der Preis der zur\u00fcckzusendenden Sache einen Betrag von 60 Euro nicht \u00fcbersteigt oder wenn Sie bei einem h\u00f6heren Preis der Sache zum Zeitpunkt des Widerrufs noch nicht die Gegenleistung oder eine vertraglich vereinbarte Teilzahlung erbracht haben. Anderenfalls ist die R\u00fccksendung f\u00fcr Sie kostenfrei.<\/p>\n\n\n\n<p><strong>9. Daten\u00fcbermittlung<\/strong><\/p>\n\n\n\n<p>Wir machen im Rahmen der Auftragsabwicklung von der Datenverarbeitung Gebrauch (z.B. Ausgangsrechnungen, Buchhaltung). Der Kunde erkl\u00e4rt sich mit der Speicherung und Verarbeitung der Daten einverstanden.<\/p>\n\n\n\n<p><strong>10. Gerichtsstand<\/strong><\/p>\n\n\n\n<p>Als Gerichtsstand f\u00fcr alle Streitigkeiten aus oder im Zusammenhang mit diesem Vertrag wird f\u00fcr beide Teile das sachlich zust\u00e4ndige Gericht in 7400 Oberwart vereinbart.<\/p>\n","protected":false},"excerpt":{"rendered":"<p>1. Allgemeines 1.1. F\u00fcr s\u00e4mtliche Gesch\u00e4fte zwischen dem Kunden und uns gelten ausschlie\u00dflich diese Lieferbedingungen, von denen der Kunde Kenntnis erhalten hat. Sp\u00e4testens durch die Auftragserteilung anerkennt der Kunde diese Lieferbedingungen auch f\u00fcr k\u00fcnftige Gesch\u00e4fte, bei denen nicht ausdr\u00fccklich auf diese Lieferbedingungen Bezug genommen wird. 1.2. Entgegenstehende Gesch\u00e4ftsbedingungen des Kunden erlangen nur dann Wirksamkeit, wenn &hellip; <\/p>\n<p class=\"link-more\"><a href=\"https:\/\/trueffelzucht.at\/?page_id=104\" class=\"more-link\"><span class=\"screen-reader-text\">\u201eAGB\u201c <\/span>weiterlesen<\/a><\/p>\n","protected":false},"author":1,"featured_media":0,"parent":14,"menu_order":0,"comment_status":"closed","ping_status":"closed","template":"","meta":{"footnotes":""},"class_list":["post-104","page","type-page","status-publish","hentry"],"_links":{"self":[{"href":"https:\/\/trueffelzucht.at\/index.php?rest_route=\/wp\/v2\/pages\/104","targetHints":{"allow":["GET"]}}],"collection":[{"href":"https:\/\/trueffelzucht.at\/index.php?rest_route=\/wp\/v2\/pages"}],"about":[{"href":"https:\/\/trueffelzucht.at\/index.php?rest_route=\/wp\/v2\/types\/page"}],"author":[{"embeddable":true,"href":"https:\/\/trueffelzucht.at\/index.php?rest_route=\/wp\/v2\/users\/1"}],"replies":[{"embeddable":true,"href":"https:\/\/trueffelzucht.at\/index.php?rest_route=%2Fwp%2Fv2%2Fcomments&post=104"}],"version-history":[{"count":4,"href":"https:\/\/trueffelzucht.at\/index.php?rest_route=\/wp\/v2\/pages\/104\/revisions"}],"predecessor-version":[{"id":1058,"href":"https:\/\/trueffelzucht.at\/index.php?rest_route=\/wp\/v2\/pages\/104\/revisions\/1058"}],"up":[{"embeddable":true,"href":"https:\/\/trueffelzucht.at\/index.php?rest_route=\/wp\/v2\/pages\/14"}],"wp:attachment":[{"href":"https:\/\/trueffelzucht.at\/index.php?rest_route=%2Fwp%2Fv2%2Fmedia&parent=104"}],"curies":[{"name":"wp","href":"https:\/\/api.w.org\/{rel}","templated":true}]}}