{"id":1089,"date":"2025-11-27T10:01:25","date_gmt":"2025-11-27T10:01:25","guid":{"rendered":"https:\/\/trueffelzucht.at\/?page_id=1089"},"modified":"2025-11-27T10:10:47","modified_gmt":"2025-11-27T10:10:47","slug":"presse","status":"publish","type":"page","link":"https:\/\/trueffelzucht.at\/?page_id=1089","title":{"rendered":"Presse"},"content":{"rendered":"\n<p>Wir sind stolz teil folgender Reportagen und Berichte zu sein:<\/p>\n\n\n\n<p><\/p>\n\n\n\n<figure class=\"wp-block-image size-full is-resized\"><img loading=\"lazy\" decoding=\"async\" width=\"179\" height=\"85\" src=\"https:\/\/trueffelzucht.at\/wp-content\/uploads\/2025\/11\/image-1.png\" alt=\"\" class=\"wp-image-1095\" style=\"width:108px;height:auto\"\/><\/figure>\n\n\n\n<p><a href=\"https:\/\/www.prima-magazin.at\/reportage\/unter-der-erde-ueber-dem-glueck-trueffelsuche-im-suedburgenland\/\">Unter der Erde, \u00fcber dem Gl\u00fcck: Tr\u00fcffelsuche im S\u00fcdburgenland &#8211; Prima Magazin<\/a><\/p>\n","protected":false},"excerpt":{"rendered":"<p>Wir sind stolz teil folgender Reportagen und Berichte zu sein: Unter der Erde, \u00fcber dem Gl\u00fcck: Tr\u00fcffelsuche im S\u00fcdburgenland &#8211; Prima Magazin<\/p>\n","protected":false},"author":1,"featured_media":0,"parent":14,"menu_order":9,"comment_status":"closed","ping_status":"closed","template":"","meta":{"footnotes":""},"class_list":["post-1089","page","type-page","status-publish","hentry"],"_links":{"self":[{"href":"https:\/\/trueffelzucht.at\/index.php?rest_route=\/wp\/v2\/pages\/1089","targetHints":{"allow":["GET"]}}],"collection":[{"href":"https:\/\/trueffelzucht.at\/index.php?rest_route=\/wp\/v2\/pages"}],"about":[{"href":"https:\/\/trueffelzucht.at\/index.php?rest_route=\/wp\/v2\/types\/page"}],"author":[{"embeddable":true,"href":"https:\/\/trueffelzucht.at\/index.php?rest_route=\/wp\/v2\/users\/1"}],"replies":[{"embeddable":true,"href":"https:\/\/trueffelzucht.at\/index.php?rest_route=%2Fwp%2Fv2%2Fcomments&post=1089"}],"version-history":[{"count":4,"href":"https:\/\/trueffelzucht.at\/index.php?rest_route=\/wp\/v2\/pages\/1089\/revisions"}],"predecessor-version":[{"id":1098,"href":"https:\/\/trueffelzucht.at\/index.php?rest_route=\/wp\/v2\/pages\/1089\/revisions\/1098"}],"up":[{"embeddable":true,"href":"https:\/\/trueffelzucht.at\/index.php?rest_route=\/wp\/v2\/pages\/14"}],"wp:attachment":[{"href":"https:\/\/trueffelzucht.at\/index.php?rest_route=%2Fwp%2Fv2%2Fmedia&parent=1089"}],"curies":[{"name":"wp","href":"https:\/\/api.w.org\/{rel}","templated":true}]}}