{"id":131,"date":"2020-04-07T16:04:45","date_gmt":"2020-04-07T16:04:45","guid":{"rendered":"http:\/\/trueffelzucht.at\/?page_id=131"},"modified":"2023-02-01T12:18:31","modified_gmt":"2023-02-01T12:18:31","slug":"unsere-geraete","status":"publish","type":"page","link":"https:\/\/trueffelzucht.at\/?page_id=131","title":{"rendered":"Unsere Ger\u00e4te"},"content":{"rendered":"\n<p>Unsere Ger\u00e4te wurden mit Bedacht auf unsere Anforderungen in der Tr\u00fcffelzucht abgestimmt. Wir verf\u00fcgen unter anderem \u00fcber:<\/p>\n\n\n\n<figure class=\"wp-block-table\"><table><tbody><tr><td>Massey Ferguson<\/td><td>MF 3640 F <br>Obstbau und Plantagentraktor<\/td><\/tr><tr><td>DelMorino<\/td><td>Yellowstone 168 <br>Umkehrfr\u00e4se<\/td><\/tr><tr><td>Al-Ko<\/td><td>BF5002R <br>Multiger\u00e4t mit diversen Anbaum\u00f6glichkeiten<\/td><\/tr><tr><td>Ortolan<\/td><td>Schlegelmulcher<\/td><\/tr><tr><td>Orizzonti<\/td><td>MIRA <br>Anbauger\u00e4t &#8211; Zwischenstockr\u00e4umer<\/td><\/tr><\/tbody><\/table><\/figure>\n\n\n\n<p><strong>Bei Bedarf stehen wir Ihnen gerne f\u00fcr Beratung und Lohnarbeiten zur Verf\u00fcgung!<\/strong><\/p>\n\n\n\n<div class=\"wp-block-columns is-layout-flex wp-container-core-columns-is-layout-9d6595d7 wp-block-columns-is-layout-flex\">\n<div class=\"wp-block-column is-layout-flow wp-block-column-is-layout-flow\" style=\"flex-basis:100%\">\n<figure class=\"wp-block-gallery aligncenter has-nested-images columns-4 is-cropped wp-block-gallery-1 is-layout-flex wp-block-gallery-is-layout-flex\">\n<figure class=\"wp-block-image size-large\"><img loading=\"lazy\" decoding=\"async\" width=\"1024\" height=\"768\" data-id=\"132\" src=\"https:\/\/trueffelzucht.at\/wp-content\/uploads\/2020\/04\/IMG_0571-1024x768.jpg\" alt=\"\" class=\"wp-image-132\" srcset=\"https:\/\/trueffelzucht.at\/wp-content\/uploads\/2020\/04\/IMG_0571-1024x768.jpg 1024w, https:\/\/trueffelzucht.at\/wp-content\/uploads\/2020\/04\/IMG_0571-300x225.jpg 300w, https:\/\/trueffelzucht.at\/wp-content\/uploads\/2020\/04\/IMG_0571-768x576.jpg 768w, https:\/\/trueffelzucht.at\/wp-content\/uploads\/2020\/04\/IMG_0571-1536x1152.jpg 1536w, https:\/\/trueffelzucht.at\/wp-content\/uploads\/2020\/04\/IMG_0571-2048x1536.jpg 2048w\" sizes=\"auto, (max-width: 767px) 89vw, (max-width: 1000px) 54vw, (max-width: 1071px) 543px, 580px\" \/><figcaption class=\"wp-element-caption\">Yellowstone 168  <\/figcaption><\/figure>\n\n\n\n<figure class=\"wp-block-image size-large\"><img loading=\"lazy\" decoding=\"async\" width=\"385\" height=\"449\" data-id=\"142\" src=\"https:\/\/trueffelzucht.at\/wp-content\/uploads\/2020\/04\/alko_bf5002r-imp_med_hr.jpeg\" alt=\"\" class=\"wp-image-142\" srcset=\"https:\/\/trueffelzucht.at\/wp-content\/uploads\/2020\/04\/alko_bf5002r-imp_med_hr.jpeg 385w, https:\/\/trueffelzucht.at\/wp-content\/uploads\/2020\/04\/alko_bf5002r-imp_med_hr-257x300.jpeg 257w\" sizes=\"auto, (max-width: 385px) 100vw, 385px\" \/><figcaption class=\"wp-element-caption\">AlKo BF5002R Multi <\/figcaption><\/figure>\n\n\n\n<figure class=\"wp-block-image size-large\"><img loading=\"lazy\" decoding=\"async\" width=\"600\" height=\"448\" data-id=\"143\" src=\"https:\/\/trueffelzucht.at\/wp-content\/uploads\/2020\/04\/img_0570_300_hr.jpeg\" alt=\"\" class=\"wp-image-143\" srcset=\"https:\/\/trueffelzucht.at\/wp-content\/uploads\/2020\/04\/img_0570_300_hr.jpeg 600w, https:\/\/trueffelzucht.at\/wp-content\/uploads\/2020\/04\/img_0570_300_hr-300x224.jpeg 300w\" sizes=\"auto, (max-width: 600px) 100vw, 600px\" \/><figcaption class=\"wp-element-caption\">Schlegelmulcher<\/figcaption><\/figure>\n\n\n\n<figure class=\"wp-block-image size-large\"><img loading=\"lazy\" decoding=\"async\" width=\"600\" height=\"360\" data-id=\"147\" src=\"https:\/\/trueffelzucht.at\/wp-content\/uploads\/2020\/04\/mira_stockraumgerat-imp-3_300_hr-1.jpeg\" alt=\"\" class=\"wp-image-147\" srcset=\"https:\/\/trueffelzucht.at\/wp-content\/uploads\/2020\/04\/mira_stockraumgerat-imp-3_300_hr-1.jpeg 600w, https:\/\/trueffelzucht.at\/wp-content\/uploads\/2020\/04\/mira_stockraumgerat-imp-3_300_hr-1-300x180.jpeg 300w\" sizes=\"auto, (max-width: 600px) 100vw, 600px\" \/><figcaption class=\"wp-element-caption\">Orizzonti MIRA Zwischenstockr\u00e4umer<\/figcaption><\/figure>\n\n\n\n<figure class=\"wp-block-image size-large\"><img loading=\"lazy\" decoding=\"async\" width=\"1024\" height=\"768\" data-id=\"134\" src=\"https:\/\/trueffelzucht.at\/wp-content\/uploads\/2020\/04\/2014-08-02-12.59.42-1024x768.jpg\" alt=\"\" class=\"wp-image-134\" srcset=\"https:\/\/trueffelzucht.at\/wp-content\/uploads\/2020\/04\/2014-08-02-12.59.42-1024x768.jpg 1024w, https:\/\/trueffelzucht.at\/wp-content\/uploads\/2020\/04\/2014-08-02-12.59.42-300x225.jpg 300w, https:\/\/trueffelzucht.at\/wp-content\/uploads\/2020\/04\/2014-08-02-12.59.42-768x576.jpg 768w, https:\/\/trueffelzucht.at\/wp-content\/uploads\/2020\/04\/2014-08-02-12.59.42-1536x1152.jpg 1536w, https:\/\/trueffelzucht.at\/wp-content\/uploads\/2020\/04\/2014-08-02-12.59.42.jpg 2048w\" sizes=\"auto, (max-width: 767px) 89vw, (max-width: 1000px) 54vw, (max-width: 1071px) 543px, 580px\" \/><figcaption class=\"wp-element-caption\">MF3640 F mit Schlegelmulcher und Transportkiste<\/figcaption><\/figure>\n<\/figure>\n<\/div>\n<\/div>\n","protected":false},"excerpt":{"rendered":"<p>Unsere Ger\u00e4te wurden mit Bedacht auf unsere Anforderungen in der Tr\u00fcffelzucht abgestimmt. Wir verf\u00fcgen unter anderem \u00fcber: Massey Ferguson MF 3640 F Obstbau und Plantagentraktor DelMorino Yellowstone 168 Umkehrfr\u00e4se Al-Ko BF5002R Multiger\u00e4t mit diversen Anbaum\u00f6glichkeiten Ortolan Schlegelmulcher Orizzonti MIRA Anbauger\u00e4t &#8211; Zwischenstockr\u00e4umer Bei Bedarf stehen wir Ihnen gerne f\u00fcr Beratung und Lohnarbeiten zur Verf\u00fcgung!<\/p>\n","protected":false},"author":1,"featured_media":0,"parent":14,"menu_order":0,"comment_status":"closed","ping_status":"closed","template":"","meta":{"footnotes":""},"class_list":["post-131","page","type-page","status-publish","hentry"],"_links":{"self":[{"href":"https:\/\/trueffelzucht.at\/index.php?rest_route=\/wp\/v2\/pages\/131","targetHints":{"allow":["GET"]}}],"collection":[{"href":"https:\/\/trueffelzucht.at\/index.php?rest_route=\/wp\/v2\/pages"}],"about":[{"href":"https:\/\/trueffelzucht.at\/index.php?rest_route=\/wp\/v2\/types\/page"}],"author":[{"embeddable":true,"href":"https:\/\/trueffelzucht.at\/index.php?rest_route=\/wp\/v2\/users\/1"}],"replies":[{"embeddable":true,"href":"https:\/\/trueffelzucht.at\/index.php?rest_route=%2Fwp%2Fv2%2Fcomments&post=131"}],"version-history":[{"count":14,"href":"https:\/\/trueffelzucht.at\/index.php?rest_route=\/wp\/v2\/pages\/131\/revisions"}],"predecessor-version":[{"id":1063,"href":"https:\/\/trueffelzucht.at\/index.php?rest_route=\/wp\/v2\/pages\/131\/revisions\/1063"}],"up":[{"embeddable":true,"href":"https:\/\/trueffelzucht.at\/index.php?rest_route=\/wp\/v2\/pages\/14"}],"wp:attachment":[{"href":"https:\/\/trueffelzucht.at\/index.php?rest_route=%2Fwp%2Fv2%2Fmedia&parent=131"}],"curies":[{"name":"wp","href":"https:\/\/api.w.org\/{rel}","templated":true}]}}