{"id":3,"date":"2020-04-07T09:44:09","date_gmt":"2020-04-07T09:44:09","guid":{"rendered":"http:\/\/trueffelzucht.at\/?page_id=3"},"modified":"2023-02-01T12:03:00","modified_gmt":"2023-02-01T12:03:00","slug":"privacy-policy","status":"publish","type":"page","link":"https:\/\/trueffelzucht.at\/?page_id=3","title":{"rendered":"Impressum &#038; Datenschutz"},"content":{"rendered":"\n<p><strong>Informationspflicht lt. ECG&nbsp;<\/strong><\/p>\n\n\n\n<figure class=\"wp-block-table is-style-regular\"><table><tbody><tr><td> Umsatzsteuer-ID: \u00a0\u00a0<\/td><td>n.a.<\/td><\/tr><tr><td> Betriebs-Inhaber: \u00a0\u00a0<\/td><td>Ing. Bernhard Mittermann, MSc<\/td><\/tr><tr><td> Selbst gew\u00e4hlter Markenname<\/td><td>Burgenland-Trueffel<\/td><\/tr><tr><td> Rechtsform:\u00a0<\/td><td>Landwirtschaftlicher Betrieb<\/td><\/tr><tr><td> Kammerzugeh\u00f6rigkeit:<\/td><td>Landwirtschaftskammer Burgenland<\/td><\/tr><tr><td> AMA Betriebsnummer:\u00a0<\/td><td>180131<\/td><\/tr><tr><td>Beh\u00f6rde gem\u00e4\u00df ECG:<\/td><td>BH Oberwart<\/td><\/tr><\/tbody><\/table><\/figure>\n\n\n\n<p>E-mail.: office@burgenland-trueffel.at<br>Website.: www.burgenland-trueffel.at; www.trueffelzucht.at\u00a0 \u00a0       <br>\u00a0 \u00a0 \u00a0 \u00a0 \u00a0 \u00a0 \u00a0 \u00a0 \u00a0 \u00a0 \u00a0 \u00a0 \u00a0 \u00a0 \u00a0 \u00a0 \u00a0 \u00a0 \u00a0 \u00a0 \u00a0 \u00a0           <br> \u00a0 \u00a0 \u00a0 \u00a0 \u00a0 \u00a0 \u00a0 \u00a0 \u00a0 \u00a0 \u00a0        <br>\u00a0 \u00a0 \u00a0 \u00a0 \u00a0 \u00a0 \u00a0 \u00a0 \u00a0 \u00a0 \u00a0 \u00a0    <br>\u00a0 \u00a0 \u00a0 \u00a0 \u00a0 \u00a0 \u00a0 \u00a0 \u00a0 \u00a0 \u00a0        <\/p>\n\n\n\n<p><\/p>\n\n\n\n<p><strong>Urheberrecht und Recht am eigenen Bild und Text<\/strong><\/p>\n\n\n\n<p>Das Copyright f\u00fcr ver\u00f6ffentlichte, von&nbsp;Burgenland-Tr\u00fcffel selbst erstellte, Objekte und Texte bleibt allein bei Bernhard Mittermann. Eine Vervielf\u00e4ltigung oder Verwendung dieser Bilder, Grafiken, Sounds oder Texte in anderen elektronischen oder gedruckten Publikationen ist ohne ausdr\u00fcckliche schriftliche Zustimmung von Bernhard Mittermann nicht gestattet.\u2028<\/p>\n\n\n\n<p><strong>Webdesign, Grafiken und Fotos<\/strong><\/p>\n\n\n\n<p>Bernhard Mittermann, Jutta Nicka<\/p>\n\n\n\n<h2 class=\"wp-block-heading\">Erkl\u00e4rung zur Informationspflicht&nbsp;<\/h2>\n\n\n\n<p><strong>(Datenschutzerkl\u00e4rung)<\/strong><\/p>\n\n\n\n<p>Der Schutz Ihrer pers\u00f6nlichen Daten ist uns ein besonderes Anliegen. Wir verarbeiten Ihre Daten daher ausschlie\u00dflich auf Grundlage der gesetzlichen Bestimmungen (DSGVO, TKG 2003). In diesen Datenschutzinformationen informieren wir Sie \u00fcber die wichtigsten Aspekte der Datenverarbeitung im Rahmen unserer Website.&nbsp;<\/p>\n\n\n\n<h4 class=\"wp-block-heading\"><strong>Kontakt mit uns<\/strong><\/h4>\n\n\n\n<p>Wenn Sie per Formular auf der Website oder per E-Mail Kontakt mit uns aufnehmen, werden Ihre angegebenen Daten zwecks Bearbeitung der Anfrage und f\u00fcr den Fall von Anschlussfragen sechs Monate bei uns gespeichert. Diese Daten geben wir nicht ohne Ihre Einwilligung weiter.&nbsp;<\/p>\n\n\n\n<h4 class=\"wp-block-heading\"><strong>Cookies<\/strong><\/h4>\n\n\n\n<p>Unsere Website verwendet so genannte Cookies. Dabei handelt es sich um kleine Textdateien, die mit Hilfe des Browsers auf Ihrem Endger\u00e4t abgelegt werden. Sie richten keinen Schaden an.&nbsp;<\/p>\n\n\n\n<p>Wir nutzen Cookies dazu, unser Angebot nutzerfreundlich zu gestalten. Einige Cookies bleiben auf Ihrem Endger\u00e4t gespeichert, bis Sie diese l\u00f6schen. Sie erm\u00f6glichen es uns, Ihren Browser beim n\u00e4chsten Besuch wiederzuerkennen.<\/p>\n\n\n\n<p>Wenn Sie dies nicht w\u00fcnschen, so k\u00f6nnen Sie Ihren Browser so einrichten, dass er Sie \u00fcber das Setzen von Cookies informiert und Sie dies nur im Einzelfall erlauben.&nbsp;<\/p>\n\n\n\n<p>Bei der Deaktivierung von Cookies kann die Funktionalit\u00e4t unserer Website eingeschr\u00e4nkt sein.<\/p>\n\n\n\n<p><strong>Urheberrecht und Recht am eigenen Bild und Text<\/strong><\/p>\n\n\n\n<p>Das Copyright f\u00fcr ver\u00f6ffentlichte, von&nbsp;Burgenland-Tr\u00fcffel selbst erstellte, Objekte und Texte bleibt allein bei Bernhard Mittermann. Eine Vervielf\u00e4ltigung oder Verwendung dieser Bilder, Grafiken, Sounds oder Texte in anderen elektronischen oder gedruckten Publikationen ist ohne ausdr\u00fcckliche schriftliche Zustimmung von Bernhard Mittermann nicht gestattet.\u2028<\/p>\n\n\n\n<p><strong><br>Haftung f\u00fcr Links<\/strong><\/p>\n\n\n\n<p>Unser Angebot enth\u00e4lt Links zu externen Webseiten Dritter, auf deren Inhalte wir keinen Einfluss haben. Deshalb k\u00f6nnen wir f\u00fcr diese fremden Inhalte auch keine Gew\u00e4hr \u00fcbernehmen. F\u00fcr die Inhalte der verlinkten Seiten ist stets der jeweilige Anbieter oder Betreiber der Seiten verantwortlich. Bei Bekanntwerden von Rechtsverletzungen werden wir derartige Links umgehend entfernen.<\/p>\n\n\n\n<p><strong>Datenschutzerkl\u00e4rung f\u00fcr die Nutzung von Facebook-Plugins (Like-Button)<\/strong><\/p>\n\n\n\n<p>Auf unseren Seiten sind Plugins des sozialen Netzwerks Facebook, 1601 South California Avenue, Palo Alto, CA 94304, USA integriert. Die Facebook-Plugins erkennen Sie an dem Facebook-Logo oder dem &#8222;Like-Button&#8220; (&#8222;Gef\u00e4llt mir&#8220;) auf unserer Seite. Eine \u00dcbersicht \u00fcber die Facebook-Plugins finden Sie hier:&nbsp;<a href=\"http:\/\/developers.facebook.com\/docs\/plugins\/\">http:\/\/developers.facebook.com\/docs\/plugins\/<\/a>.\u2028 Wenn Sie unsere Seiten besuchen, wird \u00fcber das Plugin eine direkte Verbindung zwischen Ihrem Browser und dem Facebook-Server hergestellt. Facebook erh\u00e4lt dadurch die Information, dass Sie mit Ihrer IP-Adresse unsere Seite besucht haben. Wenn Sie den Facebook &#8222;Like-Button&#8220; anklicken w\u00e4hrend Sie in Ihrem Facebook-Account eingeloggt sind, k\u00f6nnen Sie die Inhalte unserer Seiten auf Ihrem Facebook-Profil verlinken. Dadurch kann Facebook den Besuch unserer Seiten Ihrem Benutzerkonto&nbsp;zuordnen. Wir weisen darauf hin, dass wir als Anbieter der Seiten keine Kenntnis vom Inhalt der \u00fcbermittelten Daten sowie deren Nutzung durch Facebook erhalten. Weitere Informationen hierzu finden Sie in der Datenschutzerkl\u00e4rung von facebook unter&nbsp;<a href=\"http:\/\/de-de.facebook.com\/policy.php\">http:\/\/de-de.facebook.com\/policy.php<\/a><\/p>\n\n\n\n<p>Wenn Sie nicht w\u00fcnschen, dass Facebook den Besuch unserer Seiten Ihrem Facebook-Nutzerkonto zuordnen kann, loggen Sie sich bitte aus Ihrem Facebook-Benutzerkonto aus.<\/p>\n\n\n\n<p><strong>Datenschutzerkl\u00e4rung f\u00fcr die Nutzung von Twitter-Plugins (Tweet-Button)<\/strong><\/p>\n\n\n\n<p>Auf unseren Seiten sind Funktionen des Dienstes Twitter eingebunden. Diese Funktionen werden angeboten durch die Twitter Inc., Twitter, Inc. 1355 Market St, Suite 900, San Francisco, CA 94103, USA. Durch das Benutzen von Twitter und der Funktion &#8222;Re-Tweet&#8220; werden die von Ihnen besuchten Webseiten mit Ihrem Twitter-Account verkn\u00fcpft und anderen Nutzern bekannt gegeben. Dabei werden auch Daten an Twitter \u00fcbertragen.<\/p>\n\n\n\n<p>Wir weisen darauf hin, dass wir als Anbieter der Seiten keine Kenntnis vom Inhalt der \u00fcbermittelten Daten sowie deren Nutzung durch Twitter erhalten. Weitere Informationen hierzu finden Sie in der Datenschutzerkl\u00e4rung von Twitter unter&nbsp;<a href=\"http:\/\/twitter.com\/privacy\">http:\/\/twitter.com\/privacy<\/a>.<\/p>\n\n\n\n<p>Ihre Datenschutzeinstellungen bei Twitter k\u00f6nnen Sie in den Konto-Einstellungen unter<a href=\"http:\/\/twitter.com\/account\/settings\">http:\/\/twitter.com\/account\/settings<\/a>&nbsp;\u00e4ndern.<\/p>\n\n\n\n<p><strong>Datenschutzerkl\u00e4rung f\u00fcr die Nutzung von Google+ (+1-Button)<\/strong><\/p>\n\n\n\n<p>Auf unseren Seiten sind Plugins des sozialen Netzwerks Google+, 1600 Amphitheatre Parkway Mountain View, CA 94043, USA integriert.&nbsp;Die Google+ Plugins erkennen Sie an dem Google+ Logo oder dem &#8222;g+1-Button&#8220; (&#8222;Gef\u00e4llt mir&#8220;) auf unserer Seite. Eine \u00dcbersicht \u00fcber die Google+-Plugins finden Sie hier&nbsp;https:\/\/www.google.com\/intl\/de\/+\/learnmore\/index.html<br>Wenn Sie unsere Seiten besuchen, wird \u00fcber das Plugin eine direkte Verbindung zwischen Ihrem Browser und dem Google+-Server hergestellt. Google+ erh\u00e4lt dadurch die Information, dass Sie mit Ihrer IP-Adresse unsere Seite besucht haben. Wenn Sie den Google+ &#8222;g+1 Button&#8220; anklicken w\u00e4hrend Sie in Ihrem Google+ Account eingeloggt sind, k\u00f6nnen Sie die Inhalte unserer Seiten auf Ihrem Facebook-Profil verlinken. Dadurch kann Google+ den Besuch unserer Seiten Ihrem Benutzerkonto&nbsp;zuordnen. Wir weisen darauf hin, dass wir als Anbieter der Seiten keine Kenntnis vom Inhalt der \u00fcbermittelten Daten sowie deren Nutzung durch Google erhalten. Weitere Informationen hierzu finden Sie in der Datenschutzerkl\u00e4rung von Google unter&nbsp;https:\/\/www.google.com\/intl\/de\/policies\/<\/p>\n\n\n\n<p>Wenn Sie nicht w\u00fcnschen, dass Google den Besuch unserer Seiten Ihrem Google+ Nutzerkonto zuordnen kann, loggen Sie sich bitte aus Ihrem Google+ Benutzerkonto aus.<\/p>\n\n\n\n<p><strong>Datenschutzerkl\u00e4rung f\u00fcr die Nutzung von Google Analytics<\/strong><\/p>\n\n\n\n<p>Diese Website benutzt Google Analytics, einen Webanalysedienst der Google Inc., um eine Analyse der Benutzung der Website zu erm\u00f6glichen. Die durch den Einsatz von Google Analytics erzeugten Informationen \u00fcber Ihre Nutzung dieser Website (einschlie\u00dflich Ihrer IP-Adresse) werden an einen Server der Google Inc. in den USA \u00fcbertragen und dort gespeichert.<\/p>\n\n\n\n<p>Google wird diese Informationen benutzen, um Ihre Nutzung der Website auszuwerten, um Reports \u00fcber die Websiteaktivit\u00e4ten f\u00fcr die Websitebetreiber zusammenzustellen und um weitere mit der Websitenutzung und der Internetnutzung verbundene Dienstleistungen zu erbringen. Google wird in keinem Fall Ihre IP-Adresse mit anderen Daten von Google in Verbindung bringen. Durch die Nutzung dieser Website erkl\u00e4ren Sie sich mit der Bearbeitung der \u00fcber Sie erhobenen Daten durch Google in der zuvor beschriebenen Art und Weise und zu dem zuvor benannten Zweck einverstanden.<\/p>\n\n\n\n<h4 class=\"wp-block-heading\"><strong>Ihre Rechte<\/strong><\/h4>\n\n\n\n<p>Ihnen stehen grunds\u00e4tzlich die Rechte auf Auskunft, Berichtigung, L\u00f6schung, Einschr\u00e4nkung, Daten\u00fcbertragbarkeit, Widerruf und Widerspruch zu. Wenn Sie glauben, dass die Verarbeitung Ihrer Daten gegen das Datenschutzrecht verst\u00f6\u00dft oder Ihre datenschutzrechtlichen Anspr\u00fcche sonst in einer Weise verletzt worden sind, k\u00f6nnen Sie sich bei der Aufsichtsbeh\u00f6rde beschweren. In \u00d6sterreich ist dies die Datenschutzbeh\u00f6rde.&nbsp;<\/p>\n\n\n\n<h4 class=\"wp-block-heading\"><strong>Sie erreichen uns unter folgenden Kontaktdaten:<\/strong>&nbsp;<\/h4>\n\n\n\n<p>Bernhard Mittermann &#8211; Tel.: +43 676 4137856 &#8211; office(at)burgenland-trueffel.at<\/p>\n","protected":false},"excerpt":{"rendered":"<p>Informationspflicht lt. ECG&nbsp; Umsatzsteuer-ID: \u00a0\u00a0 n.a. Betriebs-Inhaber: \u00a0\u00a0 Ing. Bernhard Mittermann, MSc Selbst gew\u00e4hlter Markenname Burgenland-Trueffel Rechtsform:\u00a0 Landwirtschaftlicher Betrieb Kammerzugeh\u00f6rigkeit: Landwirtschaftskammer Burgenland AMA Betriebsnummer:\u00a0 180131 Beh\u00f6rde gem\u00e4\u00df ECG: BH Oberwart E-mail.: office@burgenland-trueffel.atWebsite.: www.burgenland-trueffel.at; www.trueffelzucht.at\u00a0 \u00a0 \u00a0 \u00a0 \u00a0 \u00a0 \u00a0 \u00a0 \u00a0 \u00a0 \u00a0 \u00a0 \u00a0 \u00a0 \u00a0 \u00a0 \u00a0 \u00a0 \u00a0 \u00a0 \u00a0 \u00a0 &hellip; <\/p>\n<p class=\"link-more\"><a href=\"https:\/\/trueffelzucht.at\/?page_id=3\" class=\"more-link\"><span class=\"screen-reader-text\">\u201eImpressum &#038; Datenschutz\u201c <\/span>weiterlesen<\/a><\/p>\n","protected":false},"author":1,"featured_media":0,"parent":14,"menu_order":0,"comment_status":"closed","ping_status":"open","template":"","meta":{"footnotes":""},"class_list":["post-3","page","type-page","status-publish","hentry"],"_links":{"self":[{"href":"https:\/\/trueffelzucht.at\/index.php?rest_route=\/wp\/v2\/pages\/3","targetHints":{"allow":["GET"]}}],"collection":[{"href":"https:\/\/trueffelzucht.at\/index.php?rest_route=\/wp\/v2\/pages"}],"about":[{"href":"https:\/\/trueffelzucht.at\/index.php?rest_route=\/wp\/v2\/types\/page"}],"author":[{"embeddable":true,"href":"https:\/\/trueffelzucht.at\/index.php?rest_route=\/wp\/v2\/users\/1"}],"replies":[{"embeddable":true,"href":"https:\/\/trueffelzucht.at\/index.php?rest_route=%2Fwp%2Fv2%2Fcomments&post=3"}],"version-history":[{"count":6,"href":"https:\/\/trueffelzucht.at\/index.php?rest_route=\/wp\/v2\/pages\/3\/revisions"}],"predecessor-version":[{"id":1052,"href":"https:\/\/trueffelzucht.at\/index.php?rest_route=\/wp\/v2\/pages\/3\/revisions\/1052"}],"up":[{"embeddable":true,"href":"https:\/\/trueffelzucht.at\/index.php?rest_route=\/wp\/v2\/pages\/14"}],"wp:attachment":[{"href":"https:\/\/trueffelzucht.at\/index.php?rest_route=%2Fwp%2Fv2%2Fmedia&parent=3"}],"curies":[{"name":"wp","href":"https:\/\/api.w.org\/{rel}","templated":true}]}}